{"id":193,"date":"2018-02-27T16:51:11","date_gmt":"2018-02-27T15:51:11","guid":{"rendered":"https:\/\/paray2.centre-com.fr\/?page_id=193"},"modified":"2024-04-12T16:22:39","modified_gmt":"2024-04-12T14:22:39","slug":"imprimvert","status":"publish","type":"page","link":"https:\/\/paray2.centre-com.fr\/?page_id=193","title":{"rendered":""},"content":{"rendered":"\n\n\t\t\t\t<img decoding=\"async\" loading=\"lazy\" src=\"https:\/\/paray2.centre-com.fr\/wp-content\/uploads\/2020\/10\/106359840_1473379949516238_7474001603354277708_o.jpg\" alt=\"106359840_1473379949516238_7474001603354277708_o\" itemprop=\"image\" height=\"1236\" width=\"2480\" title=\"106359840_1473379949516238_7474001603354277708_o\" onerror=\"this.style.display='none'\"  \/>\n<h3><strong>Agence labellis\u00e9e Imprim&rsquo;Vert <\/strong><strong>depuis 2009 <img decoding=\"async\" loading=\"lazy\" src=\"https:\/\/static.xx.fbcdn.net\/images\/emoji.php\/v9\/tf8\/1\/16\/267b.png\" alt=\"\u267b\ufe0f\" width=\"25\" height=\"25\" \/><\/strong><\/h3>\n<h6 dir=\"auto\"><em>Le Label Imprim&rsquo;Vert a pour objectif de favoriser la mise en place, par les entreprises exer\u00e7ant des activit\u00e9s d&rsquo;impression, d&rsquo;actions concr\u00e8tes visant \u00e0 diminuer les impacts de leur activit\u00e9 sur l&rsquo;environnement.<\/em><\/h6>\n<h5 dir=\"auto\"><strong>\u00a0\u00c9limination conforme des d\u00e9chets dangereux <img decoding=\"async\" loading=\"lazy\" src=\"https:\/\/static.xx.fbcdn.net\/images\/emoji.php\/v9\/tdc\/1\/16\/26a0.png\" alt=\"\u26a0\ufe0f\" width=\"16\" height=\"16\" \/><\/strong><\/h5>\n<h5 dir=\"auto\"><strong>S\u00e9curisation des stockages de liquides dangereux <img decoding=\"async\" loading=\"lazy\" src=\"https:\/\/static.xx.fbcdn.net\/images\/emoji.php\/v9\/t33\/1\/16\/2705.png\" alt=\"\u2705\" width=\"16\" height=\"16\" \/><\/strong><\/h5>\n<h5 dir=\"auto\"><strong>Non utilisation de produit toxique <img decoding=\"async\" loading=\"lazy\" src=\"https:\/\/static.xx.fbcdn.net\/images\/emoji.php\/v9\/t2e\/1\/16\/2623.png\" alt=\"\u2623\ufe0f\" width=\"16\" height=\"16\" \/><\/strong><\/h5>\n<h5 dir=\"auto\"><strong>Sensibilisation environnementale <img decoding=\"async\" loading=\"lazy\" src=\"https:\/\/static.xx.fbcdn.net\/images\/emoji.php\/v9\/tea\/1\/16\/1f332.png\" alt=\"\ud83c\udf32\" width=\"16\" height=\"16\" \/><\/strong><\/h5>\n<h5 dir=\"auto\"><strong>Suivi des consommations \u00e9nerg\u00e9tiques du site<\/strong><\/h5>\n\t\t\t\t<a href=\"http:\/\/www.imprimvert.fr\/page\/85\/Infographie-Imprim-Vert-Le-label-de-r%C3%A9f%C3%A9rence?fbclid=IwAR0WycBgCGWuAlbhCsnKr7ULr6ROWGCP2UlQ0UT6ea_s1rUNBRWwwlpFNgU\" target=\"_blank\" rel=\"noopener\" itemprop=\"url\">\n\t\t\t\t<img decoding=\"async\" loading=\"lazy\" src=\"https:\/\/paray2.centre-com.fr\/wp-content\/uploads\/2020\/10\/IMPRIMVERT-affiche1-presentation-WEB-900px-261113.png\" alt=\"IMPRIMVERT-affiche1-presentation-WEB-900px-261113\" itemprop=\"image\" height=\"2160\" width=\"900\" title=\"IMPRIMVERT-affiche1-presentation-WEB-900px-261113\" onerror=\"this.style.display='none'\"  \/>\n\t\t\t\t<\/a>\n\n","protected":false},"excerpt":{"rendered":"<p>Agence labellis\u00e9e Imprim&rsquo;Vert depuis 2009 Le Label Imprim&rsquo;Vert a pour objectif de favoriser la mise en place, par les entreprises exer\u00e7ant des activit\u00e9s d&rsquo;impression, d&rsquo;actions concr\u00e8tes visant \u00e0 diminuer les impacts de leur activit\u00e9 sur l&rsquo;environnement. \u00a0\u00c9limination conforme des d\u00e9chets dangereux S\u00e9curisation des stockages de liquides dangereux Non utilisation de produit toxique Sensibilisation environnementale Suivi [&hellip;]<\/p>\n","protected":false},"author":1,"featured_media":0,"parent":0,"menu_order":0,"comment_status":"closed","ping_status":"closed","template":"page-templates\/page_fullwidth.php","meta":[],"_links":{"self":[{"href":"https:\/\/paray2.centre-com.fr\/index.php?rest_route=\/wp\/v2\/pages\/193"}],"collection":[{"href":"https:\/\/paray2.centre-com.fr\/index.php?rest_route=\/wp\/v2\/pages"}],"about":[{"href":"https:\/\/paray2.centre-com.fr\/index.php?rest_route=\/wp\/v2\/types\/page"}],"author":[{"embeddable":true,"href":"https:\/\/paray2.centre-com.fr\/index.php?rest_route=\/wp\/v2\/users\/1"}],"replies":[{"embeddable":true,"href":"https:\/\/paray2.centre-com.fr\/index.php?rest_route=%2Fwp%2Fv2%2Fcomments&post=193"}],"version-history":[{"count":8,"href":"https:\/\/paray2.centre-com.fr\/index.php?rest_route=\/wp\/v2\/pages\/193\/revisions"}],"predecessor-version":[{"id":514,"href":"https:\/\/paray2.centre-com.fr\/index.php?rest_route=\/wp\/v2\/pages\/193\/revisions\/514"}],"wp:attachment":[{"href":"https:\/\/paray2.centre-com.fr\/index.php?rest_route=%2Fwp%2Fv2%2Fmedia&parent=193"}],"curies":[{"name":"wp","href":"https:\/\/api.w.org\/{rel}","templated":true}]}}